{"id":169,"date":"2023-05-14T17:10:12","date_gmt":"2023-05-14T15:10:12","guid":{"rendered":"http:\/\/cap-intelligence-emotionnelle.com\/?page_id=169"},"modified":"2025-04-11T12:24:18","modified_gmt":"2025-04-11T10:24:18","slug":"qui-sommes-nous","status":"publish","type":"page","link":"https:\/\/cap-intelligence-emotionnelle.com\/index.php\/qui-sommes-nous\/","title":{"rendered":"Qui sommes-nous ?"},"content":{"rendered":"\t\t<div data-elementor-type=\"wp-page\" data-elementor-id=\"169\" class=\"elementor elementor-169\">\n\t\t\t\t\t\t<section class=\"elementor-section elementor-top-section elementor-element elementor-element-ae6b8b3 elementor-section-boxed elementor-section-height-default elementor-section-height-default wpr-particle-no wpr-jarallax-no wpr-parallax-no wpr-sticky-section-no\" data-id=\"ae6b8b3\" data-element_type=\"section\">\n\t\t\t\t\t\t<div class=\"elementor-container elementor-column-gap-default\">\n\t\t\t\t\t<div class=\"elementor-column elementor-col-100 elementor-top-column elementor-element elementor-element-4d9f8e2\" data-id=\"4d9f8e2\" data-element_type=\"column\">\n\t\t\t<div class=\"elementor-widget-wrap elementor-element-populated\">\n\t\t\t\t\t\t<section class=\"elementor-section elementor-inner-section elementor-element elementor-element-be1505b elementor-section-boxed elementor-section-height-default elementor-section-height-default wpr-particle-no wpr-jarallax-no wpr-parallax-no wpr-sticky-section-no\" data-id=\"be1505b\" data-element_type=\"section\">\n\t\t\t\t\t\t<div class=\"elementor-container elementor-column-gap-default\">\n\t\t\t\t\t<div class=\"elementor-column elementor-col-50 elementor-inner-column elementor-element elementor-element-ac619bc\" data-id=\"ac619bc\" data-element_type=\"column\">\n\t\t\t<div class=\"elementor-widget-wrap elementor-element-populated\">\n\t\t\t\t\t\t<div class=\"elementor-element elementor-element-cc0e66a elementor-widget elementor-widget-image\" data-id=\"cc0e66a\" data-element_type=\"widget\" data-widget_type=\"image.default\">\n\t\t\t\t<div class=\"elementor-widget-container\">\n\t\t\t\t\t\t\t\t\t\t\t\t\t<img fetchpriority=\"high\" decoding=\"async\" width=\"837\" height=\"593\" src=\"https:\/\/cap-intelligence-emotionnelle.com\/wp-content\/uploads\/2023\/05\/Presentation-1024x726.png\" class=\"attachment-large size-large wp-image-174\" alt=\"\" srcset=\"https:\/\/cap-intelligence-emotionnelle.com\/wp-content\/uploads\/2023\/05\/Presentation-1024x726.png 1024w, https:\/\/cap-intelligence-emotionnelle.com\/wp-content\/uploads\/2023\/05\/Presentation-300x213.png 300w, https:\/\/cap-intelligence-emotionnelle.com\/wp-content\/uploads\/2023\/05\/Presentation-768x545.png 768w, https:\/\/cap-intelligence-emotionnelle.com\/wp-content\/uploads\/2023\/05\/Presentation-1536x1090.png 1536w, https:\/\/cap-intelligence-emotionnelle.com\/wp-content\/uploads\/2023\/05\/Presentation.png 1748w\" sizes=\"(max-width: 837px) 100vw, 837px\" \/>\t\t\t\t\t\t\t\t\t\t\t\t\t<\/div>\n\t\t\t\t<\/div>\n\t\t\t\t\t<\/div>\n\t\t<\/div>\n\t\t\t\t<div class=\"elementor-column elementor-col-50 elementor-inner-column elementor-element elementor-element-8397eca\" data-id=\"8397eca\" data-element_type=\"column\">\n\t\t\t<div class=\"elementor-widget-wrap elementor-element-populated\">\n\t\t\t\t\t\t<div class=\"elementor-element elementor-element-095cb26 elementor-widget elementor-widget-text-editor\" data-id=\"095cb26\" data-element_type=\"widget\" data-widget_type=\"text-editor.default\">\n\t\t\t\t<div class=\"elementor-widget-container\">\n\t\t\t\t\t\t\t<p><span style=\"font-size: 16px; letter-spacing: 0px;\">\u00a0<\/span><\/p><p><span style=\"font-size: 16px; letter-spacing: 0px;\">cap Intelligence Emotionnelle est une entreprise multifacettes avec du coaching, de la formation et du bilan de comp\u00e9tences.\u00a0<\/span><\/p><p>Un ensemble de prestations qui s&#8217;imbrique au gr\u00e9 des besoins de nos clients.<\/p><p><span style=\"font-size: 16px; letter-spacing: 0px;\">Cap Intelligence Emotionnelle, c&#8217;est aussi des formateurs.trices partenaires qui interviennent selon les besoins de nos clients.\u00a0<\/span><\/p><p>Nos formateurs.trices ont tous une exp\u00e9rience m\u00e9tier forte et partagent tous nos valeurs.\u00a0<\/p><p>Tous sont intimement persuad\u00e9s que mieux comprendre et r\u00e9pondre \u00e0 nos \u00e9motions est une cl\u00e9 d&#8217;entr\u00e9e dans un certain nombre de sujets.<\/p>\t\t\t\t\t\t<\/div>\n\t\t\t\t<\/div>\n\t\t\t\t\t<\/div>\n\t\t<\/div>\n\t\t\t\t\t<\/div>\n\t\t<\/section>\n\t\t\t\t<div class=\"elementor-element elementor-element-b478e05 elementor-widget elementor-widget-spacer\" data-id=\"b478e05\" data-element_type=\"widget\" data-widget_type=\"spacer.default\">\n\t\t\t\t<div class=\"elementor-widget-container\">\n\t\t\t\t\t<div class=\"elementor-spacer\">\n\t\t\t<div class=\"elementor-spacer-inner\"><\/div>\n\t\t<\/div>\n\t\t\t\t<\/div>\n\t\t\t\t<\/div>\n\t\t\t\t<div class=\"elementor-element elementor-element-d02eab7 elementor-widget elementor-widget-heading\" data-id=\"d02eab7\" data-element_type=\"widget\" data-widget_type=\"heading.default\">\n\t\t\t\t<div class=\"elementor-widget-container\">\n\t\t\t<h2 class=\"elementor-heading-title elementor-size-default\">Qui suis-je ?<\/h2>\t\t<\/div>\n\t\t\t\t<\/div>\n\t\t\t\t<div class=\"elementor-element elementor-element-a50015a elementor-widget elementor-widget-spacer\" data-id=\"a50015a\" data-element_type=\"widget\" data-widget_type=\"spacer.default\">\n\t\t\t\t<div class=\"elementor-widget-container\">\n\t\t\t\t\t<div class=\"elementor-spacer\">\n\t\t\t<div class=\"elementor-spacer-inner\"><\/div>\n\t\t<\/div>\n\t\t\t\t<\/div>\n\t\t\t\t<\/div>\n\t\t\t\t<div class=\"elementor-element elementor-element-2c84ab6 elementor-widget elementor-widget-text-editor\" data-id=\"2c84ab6\" data-element_type=\"widget\" data-widget_type=\"text-editor.default\">\n\t\t\t\t<div class=\"elementor-widget-container\">\n\t\t\t\t\t\t\t<p style=\"font-family: Lato, sans-serif; font-size: 16px; font-style: normal;\">Apr\u00e8s 24 ans pass\u00e9s chez IBM (et Kyndryl), apr\u00e8s des missions souvent \u00e0 haute visibilit\u00e9 chez des clients prestigieux dans des domaines m\u00e9tier vari\u00e9s, j&#8217;ai cr\u00e9\u00e9 cap Intelligence Emotionnelle.<\/p>\n<p style=\"font-family: Lato, sans-serif; font-size: 16px; font-style: normal;\">Je suis Claudie Selig.<\/p>\n<p style=\"font-family: Lato, sans-serif; font-size: 16px; font-style: normal;\"><span style=\"font-family: Lato, sans-serif; font-size: 16px; font-style: normal;\">Chez IBM, j&#8217;ai eu la chance de pratiquer diff\u00e9rents m\u00e9tiers de la programmation jusqu&#8217;\u00e0 la direction de projets en passant par l&#8217;analyse.<\/span><br><span style=\"font-family: Lato, sans-serif; font-size: 16px; font-style: normal;\">J&#8217;ai manag\u00e9 des \u00e9quipes internationales. J&#8217;ai travaill\u00e9 \u00e0 l&#8217;\u00e9tranger et en France.&nbsp;<\/span><\/p>\n<p><span style=\"font-size: 16px; letter-spacing: 0px;\">J&#8217;ai eu la chance de partir en formation aux Etats-Unis en 1999 et de faire partie d&#8217;une \u00e9quipe qui m&#8217;a permis de voyager et de rencontrer beaucoup de clients diff\u00e9rents dans des domaines comme la banque, l&#8217;industrie chimique, le b\u00e2timent, la grande distribution, l&#8217;a\u00e9ronautique, etc &#8230; J&#8217;ai pu ainsi travailler pour de grands noms comme, entre autres, le Cr\u00e9dit Mutuel, Nokia, Dow chemicals, Danone, L&#8217;Or\u00e9al, Fnac, Carlsberg, Airbus, d&#8217;o\u00f9 ma culture de l&#8217;adaptabilit\u00e9 .&nbsp;<\/span><\/p>\n<p><span style=\"font-family: Lato, sans-serif; font-size: 16px; font-style: normal;\">Je m&#8217;y suis certifi\u00e9e PMP (Project Management Professional) par PMI et form\u00e9e au coaching personnel et professionnel, sp\u00e9cialisation coaching d&#8217;entreprise.&nbsp; J&#8217;y ai \u00e9t\u00e9 r\u00e9f\u00e9rente Pleine conscience avec l&#8217;animation d&#8217;un groupe sur le long court.<\/span><span style=\"font-size: 16px; letter-spacing: 0px;\"><\/span><\/p>\n<p>Mais alors ! Si j&#8217;\u00e9tais aussi bien chez IBM, pourquoi l&#8217;ai d\u00e9laiss\u00e9e ? Tout simplement pour r\u00e9pondre \u00e0 mon envie d&#8217;entreprenariat. Dans ce cadre, je fais d&#8217;ailleurs partie du CJD en tant que membre mais aussi en tant que r\u00e9f\u00e9rente jeunesse de ma section et membre du comit\u00e9 de pilotage national Jeunesse.<\/p>\n<p>Pour les 3 grandes disciplines que j&#8217;exerce : formation, coaching et bilan de comp\u00e9tences, j&#8217;ai des dipl\u00f4mes d&#8217;\u00e9tat (RNCP). Pour chacun de ces grands pans de mon activit\u00e9, j&#8217;ai choisi des \u00e9coles de qualit\u00e9 o\u00f9 la pratique n&#8217;avait rien \u00e0 envier \u00e0 la th\u00e9orie.&nbsp;<\/p>\n<p>Je suis d&#8217;autre part certifi\u00e9e par Comprofiles pour le s\u00e9minaire d&#8217;agilit\u00e9 comportementale et par pssm France pour la formation au secourisme en sant\u00e9 mentale.<\/p>\n<p>De profil neuroatypique*, je me suis renseign\u00e9e puis form\u00e9e \u00e0 ce sujet depuis 2006. J&#8217;interviens par ailleurs pour l&#8217;\u00e9tincelle atypique en tant que coach personnelle pour&nbsp;<span style=\"font-family: Lato, sans-serif; font-size: 16px; font-style: normal; letter-spacing: 0px;\">personnes<\/span><span style=\"font-family: Lato, sans-serif; font-size: 16px; font-style: normal; letter-spacing: 0px;\">&nbsp;<\/span><span style=\"font-size: 16px; letter-spacing: 0px;\">&nbsp;hypersensibles et\/ou \u00e0 profil neuroatypique.<\/span><\/p>\n<p><span style=\"font-size: 16px; letter-spacing: 0px;\">Dans cette lign\u00e9e, j&#8217;ai cr\u00e9\u00e9 la fresque de la neurodiversit\u00e9 pour permettre aux entreprises de mieux comprendre les difficult\u00e9s et les richesses d&#8217;avoir parmi ses salari\u00e9s des personnes \u00e0 profil neuroatypique. Les statistiques nous en annoncent 20%. Faites vos calculs !&nbsp;<\/span><\/p>\n<p><span style=\"font-size: 16px; letter-spacing: 0px;\">*Les profils neuroatypiques sont : les HPI (Hauts Potentiels Intellectuels, ou surdou\u00e9s, ou z\u00e8bres, ou philocognitifs, etc &#8230;), les TDAH (Trouble et Deficit de l&#8217;Attention avec ou sans Hyperactivit\u00e9), les TSA (Trouble du Spectre Autistique) et les dys (dyslexiques, dysorthographiques, dyscalculiques, dyspraxiques, dysphasiques)<\/span><\/p>\t\t\t\t\t\t<\/div>\n\t\t\t\t<\/div>\n\t\t\t\t\t<\/div>\n\t\t<\/div>\n\t\t\t\t\t<\/div>\n\t\t<\/section>\n\t\t\t\t<\/div>\n\t\t","protected":false},"excerpt":{"rendered":"<p>\u00a0 cap Intelligence Emotionnelle est une entreprise multifacettes avec du coaching, de la formation et du bilan de comp\u00e9tences.\u00a0 Un ensemble de prestations qui s&#8217;imbrique au gr\u00e9 des besoins de nos clients. Cap Intelligence Emotionnelle, c&#8217;est aussi des formateurs.trices partenaires qui interviennent selon les besoins de nos clients.\u00a0 Nos formateurs.trices ont tous une exp\u00e9rience m\u00e9tier <a class=\"read-more\" href=\"https:\/\/cap-intelligence-emotionnelle.com\/index.php\/qui-sommes-nous\/\">READ MORE<\/a><\/p>\n","protected":false},"author":1,"featured_media":0,"parent":0,"menu_order":0,"comment_status":"closed","ping_status":"closed","template":"","meta":{"footnotes":""},"class_list":["post-169","page","type-page","status-publish","hentry"],"_links":{"self":[{"href":"https:\/\/cap-intelligence-emotionnelle.com\/index.php\/wp-json\/wp\/v2\/pages\/169","targetHints":{"allow":["GET"]}}],"collection":[{"href":"https:\/\/cap-intelligence-emotionnelle.com\/index.php\/wp-json\/wp\/v2\/pages"}],"about":[{"href":"https:\/\/cap-intelligence-emotionnelle.com\/index.php\/wp-json\/wp\/v2\/types\/page"}],"author":[{"embeddable":true,"href":"https:\/\/cap-intelligence-emotionnelle.com\/index.php\/wp-json\/wp\/v2\/users\/1"}],"replies":[{"embeddable":true,"href":"https:\/\/cap-intelligence-emotionnelle.com\/index.php\/wp-json\/wp\/v2\/comments?post=169"}],"version-history":[{"count":153,"href":"https:\/\/cap-intelligence-emotionnelle.com\/index.php\/wp-json\/wp\/v2\/pages\/169\/revisions"}],"predecessor-version":[{"id":1144,"href":"https:\/\/cap-intelligence-emotionnelle.com\/index.php\/wp-json\/wp\/v2\/pages\/169\/revisions\/1144"}],"wp:attachment":[{"href":"https:\/\/cap-intelligence-emotionnelle.com\/index.php\/wp-json\/wp\/v2\/media?parent=169"}],"curies":[{"name":"wp","href":"https:\/\/api.w.org\/{rel}","templated":true}]}}