{"id":552,"date":"2024-09-13T19:05:05","date_gmt":"2024-09-13T17:05:05","guid":{"rendered":"https:\/\/cap-intelligence-emotionnelle.com\/?page_id=552"},"modified":"2024-09-13T19:05:23","modified_gmt":"2024-09-13T17:05:23","slug":"le-bilan-de-competences","status":"publish","type":"page","link":"https:\/\/cap-intelligence-emotionnelle.com\/index.php\/le-bilan-de-competences\/","title":{"rendered":"Le bilan de comp\u00e9tences"},"content":{"rendered":"\t\t<div data-elementor-type=\"wp-page\" data-elementor-id=\"552\" class=\"elementor elementor-552\">\n\t\t\t\t\t\t<section class=\"elementor-section elementor-top-section elementor-element elementor-element-37c4212 elementor-section-boxed elementor-section-height-default elementor-section-height-default wpr-particle-no wpr-jarallax-no wpr-parallax-no wpr-sticky-section-no\" data-id=\"37c4212\" data-element_type=\"section\">\n\t\t\t\t\t\t<div class=\"elementor-container elementor-column-gap-default\">\n\t\t\t\t\t<div class=\"elementor-column elementor-col-100 elementor-top-column elementor-element elementor-element-30b43df\" data-id=\"30b43df\" data-element_type=\"column\">\n\t\t\t<div class=\"elementor-widget-wrap elementor-element-populated\">\n\t\t\t\t\t\t<section class=\"elementor-section elementor-inner-section elementor-element elementor-element-34a52ef elementor-section-boxed elementor-section-height-default elementor-section-height-default wpr-particle-no wpr-jarallax-no wpr-parallax-no wpr-sticky-section-no\" data-id=\"34a52ef\" data-element_type=\"section\">\n\t\t\t\t\t\t<div class=\"elementor-container elementor-column-gap-default\">\n\t\t\t\t\t<div class=\"elementor-column elementor-col-50 elementor-inner-column elementor-element elementor-element-acb753f\" data-id=\"acb753f\" data-element_type=\"column\">\n\t\t\t<div class=\"elementor-widget-wrap elementor-element-populated\">\n\t\t\t\t\t\t<div class=\"elementor-element elementor-element-cc8a6a2 elementor-widget elementor-widget-image\" data-id=\"cc8a6a2\" data-element_type=\"widget\" data-widget_type=\"image.default\">\n\t\t\t\t<div class=\"elementor-widget-container\">\n\t\t\t\t\t\t\t\t\t\t\t\t\t<img fetchpriority=\"high\" decoding=\"async\" width=\"768\" height=\"1024\" src=\"https:\/\/cap-intelligence-emotionnelle.com\/wp-content\/uploads\/2024\/09\/01ae244f-c4f8-4085-8a10-dcc03f2c79a9-768x1024.jpg\" class=\"attachment-large size-large wp-image-554\" alt=\"\" srcset=\"https:\/\/cap-intelligence-emotionnelle.com\/wp-content\/uploads\/2024\/09\/01ae244f-c4f8-4085-8a10-dcc03f2c79a9-768x1024.jpg 768w, https:\/\/cap-intelligence-emotionnelle.com\/wp-content\/uploads\/2024\/09\/01ae244f-c4f8-4085-8a10-dcc03f2c79a9-225x300.jpg 225w, https:\/\/cap-intelligence-emotionnelle.com\/wp-content\/uploads\/2024\/09\/01ae244f-c4f8-4085-8a10-dcc03f2c79a9-1152x1536.jpg 1152w, https:\/\/cap-intelligence-emotionnelle.com\/wp-content\/uploads\/2024\/09\/01ae244f-c4f8-4085-8a10-dcc03f2c79a9.jpg 1200w\" sizes=\"(max-width: 768px) 100vw, 768px\" \/>\t\t\t\t\t\t\t\t\t\t\t\t\t<\/div>\n\t\t\t\t<\/div>\n\t\t\t\t\t<\/div>\n\t\t<\/div>\n\t\t\t\t<div class=\"elementor-column elementor-col-50 elementor-inner-column elementor-element elementor-element-8871ebf\" data-id=\"8871ebf\" data-element_type=\"column\">\n\t\t\t<div class=\"elementor-widget-wrap elementor-element-populated\">\n\t\t\t\t\t\t<div class=\"elementor-element elementor-element-d618e79 elementor-widget elementor-widget-text-editor\" data-id=\"d618e79\" data-element_type=\"widget\" data-widget_type=\"text-editor.default\">\n\t\t\t\t<div class=\"elementor-widget-container\">\n\t\t\t\t\t\t\t<p>Avec le bilan de comp\u00e9tences, on commence par regarder en&nbsp; arri\u00e8re &#8230; pour ensuite se tourner vers le futur et poser un plan d&#8217;action.<\/p>\n<p>Nous nous r\u00e9unissons pour valider le besoin et d\u00e9finir ensemble l&#8217;objectif.&nbsp;<\/p>\n<p>Les techniques \u00e0 utiliser sont alors propos\u00e9es (classique, explorations, ikigai, tests psychom\u00e9triques, &#8230;).&nbsp;<span style=\"font-size: 16px; letter-spacing: 0px;\">La dur\u00e9e et le nombre de s\u00e9ances est estim\u00e9, la p\u00e9riodicit\u00e9 est d\u00e9termin\u00e9e.&nbsp;<\/span><\/p>\n<p>Comme pour le coaching et la formation, un devis est \u00e9mis.<\/p>\t\t\t\t\t\t<\/div>\n\t\t\t\t<\/div>\n\t\t\t\t\t<\/div>\n\t\t<\/div>\n\t\t\t\t\t<\/div>\n\t\t<\/section>\n\t\t\t\t\t<\/div>\n\t\t<\/div>\n\t\t\t\t\t<\/div>\n\t\t<\/section>\n\t\t\t\t<\/div>\n\t\t","protected":false},"excerpt":{"rendered":"<p>Avec le bilan de comp\u00e9tences, on commence par regarder en&nbsp; arri\u00e8re &#8230; pour ensuite se tourner vers le futur et poser un plan d&#8217;action. Nous nous r\u00e9unissons pour valider le besoin et d\u00e9finir ensemble l&#8217;objectif.&nbsp; Les techniques \u00e0 utiliser sont alors propos\u00e9es (classique, explorations, ikigai, tests psychom\u00e9triques, &#8230;).&nbsp;La dur\u00e9e et le nombre de s\u00e9ances est <a class=\"read-more\" href=\"https:\/\/cap-intelligence-emotionnelle.com\/index.php\/le-bilan-de-competences\/\">READ MORE<\/a><\/p>\n","protected":false},"author":1,"featured_media":0,"parent":0,"menu_order":0,"comment_status":"closed","ping_status":"closed","template":"","meta":{"footnotes":""},"class_list":["post-552","page","type-page","status-publish","hentry"],"_links":{"self":[{"href":"https:\/\/cap-intelligence-emotionnelle.com\/index.php\/wp-json\/wp\/v2\/pages\/552","targetHints":{"allow":["GET"]}}],"collection":[{"href":"https:\/\/cap-intelligence-emotionnelle.com\/index.php\/wp-json\/wp\/v2\/pages"}],"about":[{"href":"https:\/\/cap-intelligence-emotionnelle.com\/index.php\/wp-json\/wp\/v2\/types\/page"}],"author":[{"embeddable":true,"href":"https:\/\/cap-intelligence-emotionnelle.com\/index.php\/wp-json\/wp\/v2\/users\/1"}],"replies":[{"embeddable":true,"href":"https:\/\/cap-intelligence-emotionnelle.com\/index.php\/wp-json\/wp\/v2\/comments?post=552"}],"version-history":[{"count":4,"href":"https:\/\/cap-intelligence-emotionnelle.com\/index.php\/wp-json\/wp\/v2\/pages\/552\/revisions"}],"predecessor-version":[{"id":557,"href":"https:\/\/cap-intelligence-emotionnelle.com\/index.php\/wp-json\/wp\/v2\/pages\/552\/revisions\/557"}],"wp:attachment":[{"href":"https:\/\/cap-intelligence-emotionnelle.com\/index.php\/wp-json\/wp\/v2\/media?parent=552"}],"curies":[{"name":"wp","href":"https:\/\/api.w.org\/{rel}","templated":true}]}}