{"id":751,"date":"2024-09-17T17:57:22","date_gmt":"2024-09-17T15:57:22","guid":{"rendered":"https:\/\/cap-intelligence-emotionnelle.com\/?page_id=751"},"modified":"2025-04-09T21:51:02","modified_gmt":"2025-04-09T19:51:02","slug":"les-formations","status":"publish","type":"page","link":"https:\/\/cap-intelligence-emotionnelle.com\/index.php\/home\/les-formations\/","title":{"rendered":"Les formations"},"content":{"rendered":"\t\t<div data-elementor-type=\"wp-page\" data-elementor-id=\"751\" class=\"elementor elementor-751\">\n\t\t\t\t\t\t<section class=\"elementor-section elementor-top-section elementor-element elementor-element-550ce33 elementor-section-boxed elementor-section-height-default elementor-section-height-default wpr-particle-no wpr-jarallax-no wpr-parallax-no wpr-sticky-section-no\" data-id=\"550ce33\" data-element_type=\"section\">\n\t\t\t\t\t\t<div class=\"elementor-container elementor-column-gap-default\">\n\t\t\t\t\t<div class=\"elementor-column elementor-col-100 elementor-top-column elementor-element elementor-element-8c3625e\" data-id=\"8c3625e\" data-element_type=\"column\">\n\t\t\t<div class=\"elementor-widget-wrap elementor-element-populated\">\n\t\t\t\t\t\t<div class=\"elementor-element elementor-element-f37628e elementor-widget elementor-widget-text-editor\" data-id=\"f37628e\" data-element_type=\"widget\" data-widget_type=\"text-editor.default\">\n\t\t\t\t<div class=\"elementor-widget-container\">\n\t\t\t\t\t\t\t<p>Toutes les formations sont personnalisables. Les tarifs sont donc donn\u00e9s sur devis apr\u00e8s un premier rendez-vous d&#8217;analyse du besoin. Vous trouverez ici une id\u00e9e de ce qui a d\u00e9j\u00e0 \u00e9t\u00e9 fait pour d&#8217;autres clients.<\/p><p>Cliquez sur chaque image pour avoir les d\u00e9tails.<\/p>\t\t\t\t\t\t<\/div>\n\t\t\t\t<\/div>\n\t\t\t\t\t<\/div>\n\t\t<\/div>\n\t\t\t\t\t<\/div>\n\t\t<\/section>\n\t\t\t\t<section class=\"elementor-section elementor-top-section elementor-element elementor-element-69cd027 elementor-section-boxed elementor-section-height-default elementor-section-height-default wpr-particle-no wpr-jarallax-no wpr-parallax-no wpr-sticky-section-no\" data-id=\"69cd027\" data-element_type=\"section\">\n\t\t\t\t\t\t<div class=\"elementor-container elementor-column-gap-default\">\n\t\t\t\t\t<div class=\"elementor-column elementor-col-100 elementor-top-column elementor-element elementor-element-53d43b0\" data-id=\"53d43b0\" data-element_type=\"column\">\n\t\t\t<div class=\"elementor-widget-wrap elementor-element-populated\">\n\t\t\t\t\t\t<section class=\"elementor-section elementor-inner-section elementor-element elementor-element-088c1f1 elementor-section-boxed elementor-section-height-default elementor-section-height-default wpr-particle-no wpr-jarallax-no wpr-parallax-no wpr-sticky-section-no\" data-id=\"088c1f1\" data-element_type=\"section\">\n\t\t\t\t\t\t<div class=\"elementor-container elementor-column-gap-default\">\n\t\t\t\t\t<div class=\"elementor-column elementor-col-33 elementor-inner-column elementor-element elementor-element-cb975fa\" data-id=\"cb975fa\" data-element_type=\"column\">\n\t\t\t<div class=\"elementor-widget-wrap elementor-element-populated\">\n\t\t\t\t\t\t<div class=\"elementor-element elementor-element-0c7aec9 elementor-widget elementor-widget-image\" data-id=\"0c7aec9\" data-element_type=\"widget\" data-widget_type=\"image.default\">\n\t\t\t\t<div class=\"elementor-widget-container\">\n\t\t\t\t\t\t\t\t\t\t\t\t\t\t<a href=\"http:\/\/cap-intelligence-emotionnelle.com\/wp-content\/uploads\/2025\/04\/Offre-formations-cap-Intelligence-Emotionnelle-Fresque-neurodiversite-2.pdf\" target=\"_blank\">\n\t\t\t\t\t\t\t<img decoding=\"async\" width=\"200\" height=\"200\" src=\"https:\/\/cap-intelligence-emotionnelle.com\/wp-content\/uploads\/2025\/04\/Bouton-Fresque-de-la-neurodiversite.png\" class=\"attachment-large size-large wp-image-941\" alt=\"\" srcset=\"https:\/\/cap-intelligence-emotionnelle.com\/wp-content\/uploads\/2025\/04\/Bouton-Fresque-de-la-neurodiversite.png 200w, https:\/\/cap-intelligence-emotionnelle.com\/wp-content\/uploads\/2025\/04\/Bouton-Fresque-de-la-neurodiversite-150x150.png 150w\" sizes=\"(max-width: 200px) 100vw, 200px\" \/>\t\t\t\t\t\t\t\t<\/a>\n\t\t\t\t\t\t\t\t\t\t\t\t\t<\/div>\n\t\t\t\t<\/div>\n\t\t\t\t\t<\/div>\n\t\t<\/div>\n\t\t\t\t<div class=\"elementor-column elementor-col-33 elementor-inner-column elementor-element elementor-element-2c8138f\" data-id=\"2c8138f\" data-element_type=\"column\">\n\t\t\t<div class=\"elementor-widget-wrap elementor-element-populated\">\n\t\t\t\t\t\t<div class=\"elementor-element elementor-element-3fbbf81 elementor-widget elementor-widget-image\" data-id=\"3fbbf81\" data-element_type=\"widget\" data-widget_type=\"image.default\">\n\t\t\t\t<div class=\"elementor-widget-container\">\n\t\t\t\t\t\t\t\t\t\t\t\t\t\t<a href=\"http:\/\/cap-intelligence-emotionnelle.com\/wp-content\/uploads\/2025\/04\/Offre-formations-cap-Intelligence-Emotionnelle-Premiers-Secours-Sante-Mentale.pdf\" target=\"_blank\">\n\t\t\t\t\t\t\t<img decoding=\"async\" width=\"200\" height=\"200\" src=\"https:\/\/cap-intelligence-emotionnelle.com\/wp-content\/uploads\/2025\/04\/Bouton-PSSM.png\" class=\"attachment-large size-large wp-image-955\" alt=\"\" srcset=\"https:\/\/cap-intelligence-emotionnelle.com\/wp-content\/uploads\/2025\/04\/Bouton-PSSM.png 200w, https:\/\/cap-intelligence-emotionnelle.com\/wp-content\/uploads\/2025\/04\/Bouton-PSSM-150x150.png 150w\" sizes=\"(max-width: 200px) 100vw, 200px\" \/>\t\t\t\t\t\t\t\t<\/a>\n\t\t\t\t\t\t\t\t\t\t\t\t\t<\/div>\n\t\t\t\t<\/div>\n\t\t\t\t\t<\/div>\n\t\t<\/div>\n\t\t\t\t<div class=\"elementor-column elementor-col-33 elementor-inner-column elementor-element elementor-element-5026263\" data-id=\"5026263\" data-element_type=\"column\">\n\t\t\t<div class=\"elementor-widget-wrap elementor-element-populated\">\n\t\t\t\t\t\t<div class=\"elementor-element elementor-element-7150ca4 elementor-widget elementor-widget-image\" data-id=\"7150ca4\" data-element_type=\"widget\" data-widget_type=\"image.default\">\n\t\t\t\t<div class=\"elementor-widget-container\">\n\t\t\t\t\t\t\t\t\t\t\t\t\t\t<a href=\"http:\/\/cap-intelligence-emotionnelle.com\/wp-content\/uploads\/2025\/04\/Offre-formations-cap-Intelligence-Emotionnelle-Management.pdf\" target=\"_blank\">\n\t\t\t\t\t\t\t<img decoding=\"async\" width=\"200\" height=\"200\" src=\"https:\/\/cap-intelligence-emotionnelle.com\/wp-content\/uploads\/2025\/04\/Bouton-Management.png\" class=\"attachment-large size-large wp-image-960\" alt=\"\" srcset=\"https:\/\/cap-intelligence-emotionnelle.com\/wp-content\/uploads\/2025\/04\/Bouton-Management.png 200w, https:\/\/cap-intelligence-emotionnelle.com\/wp-content\/uploads\/2025\/04\/Bouton-Management-150x150.png 150w\" sizes=\"(max-width: 200px) 100vw, 200px\" \/>\t\t\t\t\t\t\t\t<\/a>\n\t\t\t\t\t\t\t\t\t\t\t\t\t<\/div>\n\t\t\t\t<\/div>\n\t\t\t\t\t<\/div>\n\t\t<\/div>\n\t\t\t\t\t<\/div>\n\t\t<\/section>\n\t\t\t\t<div class=\"elementor-element elementor-element-d243c4a elementor-widget elementor-widget-spacer\" data-id=\"d243c4a\" data-element_type=\"widget\" data-widget_type=\"spacer.default\">\n\t\t\t\t<div class=\"elementor-widget-container\">\n\t\t\t\t\t<div class=\"elementor-spacer\">\n\t\t\t<div class=\"elementor-spacer-inner\"><\/div>\n\t\t<\/div>\n\t\t\t\t<\/div>\n\t\t\t\t<\/div>\n\t\t\t\t\t<\/div>\n\t\t<\/div>\n\t\t\t\t\t<\/div>\n\t\t<\/section>\n\t\t\t\t<section class=\"elementor-section elementor-top-section elementor-element elementor-element-72e8e45 elementor-section-boxed elementor-section-height-default elementor-section-height-default wpr-particle-no wpr-jarallax-no wpr-parallax-no wpr-sticky-section-no\" data-id=\"72e8e45\" data-element_type=\"section\">\n\t\t\t\t\t\t<div class=\"elementor-container elementor-column-gap-default\">\n\t\t\t\t\t<div class=\"elementor-column elementor-col-100 elementor-top-column elementor-element elementor-element-59f1077\" data-id=\"59f1077\" data-element_type=\"column\">\n\t\t\t<div class=\"elementor-widget-wrap elementor-element-populated\">\n\t\t\t\t\t\t<section class=\"elementor-section elementor-inner-section elementor-element elementor-element-2d14f00 elementor-section-boxed elementor-section-height-default elementor-section-height-default wpr-particle-no wpr-jarallax-no wpr-parallax-no wpr-sticky-section-no\" data-id=\"2d14f00\" data-element_type=\"section\">\n\t\t\t\t\t\t<div class=\"elementor-container elementor-column-gap-no\">\n\t\t\t\t\t<div class=\"elementor-column elementor-col-33 elementor-inner-column elementor-element elementor-element-873adfe\" data-id=\"873adfe\" data-element_type=\"column\">\n\t\t\t<div class=\"elementor-widget-wrap elementor-element-populated\">\n\t\t\t\t\t\t<div class=\"elementor-element elementor-element-bd0a822 elementor-widget elementor-widget-image\" data-id=\"bd0a822\" data-element_type=\"widget\" data-widget_type=\"image.default\">\n\t\t\t\t<div class=\"elementor-widget-container\">\n\t\t\t\t\t\t\t\t\t\t\t\t\t\t<a href=\"http:\/\/cap-intelligence-emotionnelle.com\/wp-content\/uploads\/2025\/04\/Offre-formations-cap-Intelligence-Emotionnelle-Gestion-du-conflit.pdf\" target=\"_blank\">\n\t\t\t\t\t\t\t<img loading=\"lazy\" decoding=\"async\" width=\"200\" height=\"200\" src=\"https:\/\/cap-intelligence-emotionnelle.com\/wp-content\/uploads\/2025\/04\/Bouton-gestion-du-conflit.png\" class=\"attachment-large size-large wp-image-986\" alt=\"\" srcset=\"https:\/\/cap-intelligence-emotionnelle.com\/wp-content\/uploads\/2025\/04\/Bouton-gestion-du-conflit.png 200w, https:\/\/cap-intelligence-emotionnelle.com\/wp-content\/uploads\/2025\/04\/Bouton-gestion-du-conflit-150x150.png 150w\" sizes=\"(max-width: 200px) 100vw, 200px\" \/>\t\t\t\t\t\t\t\t<\/a>\n\t\t\t\t\t\t\t\t\t\t\t\t\t<\/div>\n\t\t\t\t<\/div>\n\t\t\t\t\t<\/div>\n\t\t<\/div>\n\t\t\t\t<div class=\"elementor-column elementor-col-33 elementor-inner-column elementor-element elementor-element-7b9e56f\" data-id=\"7b9e56f\" data-element_type=\"column\">\n\t\t\t<div class=\"elementor-widget-wrap elementor-element-populated\">\n\t\t\t\t\t\t<div class=\"elementor-element elementor-element-8d9a2a9 elementor-widget elementor-widget-image\" data-id=\"8d9a2a9\" data-element_type=\"widget\" data-widget_type=\"image.default\">\n\t\t\t\t<div class=\"elementor-widget-container\">\n\t\t\t\t\t\t\t\t\t\t\t\t\t\t<a href=\"http:\/\/cap-intelligence-emotionnelle.com\/wp-content\/uploads\/2025\/04\/Offre-formations-cap-Intelligence-Emotionnelle-Intelligence-Emotionnelle.pdf\" target=\"_blank\">\n\t\t\t\t\t\t\t<img loading=\"lazy\" decoding=\"async\" width=\"200\" height=\"200\" src=\"https:\/\/cap-intelligence-emotionnelle.com\/wp-content\/uploads\/2025\/04\/Bouton-Intelligence-Emotionnelle.png\" class=\"attachment-large size-large wp-image-991\" alt=\"\" srcset=\"https:\/\/cap-intelligence-emotionnelle.com\/wp-content\/uploads\/2025\/04\/Bouton-Intelligence-Emotionnelle.png 200w, https:\/\/cap-intelligence-emotionnelle.com\/wp-content\/uploads\/2025\/04\/Bouton-Intelligence-Emotionnelle-150x150.png 150w\" sizes=\"(max-width: 200px) 100vw, 200px\" \/>\t\t\t\t\t\t\t\t<\/a>\n\t\t\t\t\t\t\t\t\t\t\t\t\t<\/div>\n\t\t\t\t<\/div>\n\t\t\t\t\t<\/div>\n\t\t<\/div>\n\t\t\t\t<div class=\"elementor-column elementor-col-33 elementor-inner-column elementor-element elementor-element-52ea019\" data-id=\"52ea019\" data-element_type=\"column\">\n\t\t\t<div class=\"elementor-widget-wrap elementor-element-populated\">\n\t\t\t\t\t\t<div class=\"elementor-element elementor-element-72fcb86 elementor-widget elementor-widget-image\" data-id=\"72fcb86\" data-element_type=\"widget\" data-widget_type=\"image.default\">\n\t\t\t\t<div class=\"elementor-widget-container\">\n\t\t\t\t\t\t\t\t\t\t\t\t\t\t<a href=\"http:\/\/cap-intelligence-emotionnelle.com\/wp-content\/uploads\/2025\/04\/Offre-formations-cap-Intelligence-Emotionnelle-Audit-Sante-Mentale.pdf\" target=\"_blank\">\n\t\t\t\t\t\t\t<img loading=\"lazy\" decoding=\"async\" width=\"200\" height=\"200\" src=\"https:\/\/cap-intelligence-emotionnelle.com\/wp-content\/uploads\/2025\/04\/Bouton-Audit-Sante-Mentale-1.png\" class=\"attachment-large size-large wp-image-1004\" alt=\"\" srcset=\"https:\/\/cap-intelligence-emotionnelle.com\/wp-content\/uploads\/2025\/04\/Bouton-Audit-Sante-Mentale-1.png 200w, https:\/\/cap-intelligence-emotionnelle.com\/wp-content\/uploads\/2025\/04\/Bouton-Audit-Sante-Mentale-1-150x150.png 150w\" sizes=\"(max-width: 200px) 100vw, 200px\" \/>\t\t\t\t\t\t\t\t<\/a>\n\t\t\t\t\t\t\t\t\t\t\t\t\t<\/div>\n\t\t\t\t<\/div>\n\t\t\t\t\t<\/div>\n\t\t<\/div>\n\t\t\t\t\t<\/div>\n\t\t<\/section>\n\t\t\t\t<div class=\"elementor-element elementor-element-103ad36 elementor-widget elementor-widget-spacer\" data-id=\"103ad36\" data-element_type=\"widget\" data-widget_type=\"spacer.default\">\n\t\t\t\t<div class=\"elementor-widget-container\">\n\t\t\t\t\t<div class=\"elementor-spacer\">\n\t\t\t<div class=\"elementor-spacer-inner\"><\/div>\n\t\t<\/div>\n\t\t\t\t<\/div>\n\t\t\t\t<\/div>\n\t\t\t\t\t<\/div>\n\t\t<\/div>\n\t\t\t\t\t<\/div>\n\t\t<\/section>\n\t\t\t\t<section class=\"elementor-section elementor-top-section elementor-element elementor-element-0bfe28d elementor-section-boxed elementor-section-height-default elementor-section-height-default wpr-particle-no wpr-jarallax-no wpr-parallax-no wpr-sticky-section-no\" data-id=\"0bfe28d\" data-element_type=\"section\">\n\t\t\t\t\t\t<div class=\"elementor-container elementor-column-gap-default\">\n\t\t\t\t\t<div class=\"elementor-column elementor-col-100 elementor-top-column elementor-element elementor-element-6391cc7\" data-id=\"6391cc7\" data-element_type=\"column\">\n\t\t\t<div class=\"elementor-widget-wrap elementor-element-populated\">\n\t\t\t\t\t\t<section class=\"elementor-section elementor-inner-section elementor-element elementor-element-d0cc4b7 elementor-section-boxed elementor-section-height-default elementor-section-height-default wpr-particle-no wpr-jarallax-no wpr-parallax-no wpr-sticky-section-no\" data-id=\"d0cc4b7\" data-element_type=\"section\">\n\t\t\t\t\t\t<div class=\"elementor-container elementor-column-gap-default\">\n\t\t\t\t\t<div class=\"elementor-column elementor-col-33 elementor-inner-column elementor-element elementor-element-3b67cb1\" data-id=\"3b67cb1\" data-element_type=\"column\">\n\t\t\t<div class=\"elementor-widget-wrap elementor-element-populated\">\n\t\t\t\t\t\t<div class=\"elementor-element elementor-element-fefeec2 elementor-widget elementor-widget-image\" data-id=\"fefeec2\" data-element_type=\"widget\" data-widget_type=\"image.default\">\n\t\t\t\t<div class=\"elementor-widget-container\">\n\t\t\t\t\t\t\t\t\t\t\t\t\t\t<a href=\"http:\/\/cap-intelligence-emotionnelle.com\/wp-content\/uploads\/2025\/04\/Offre-formations-cap-Intelligence-Emotionnelle-Cohesion.pdf\" target=\"_blank\">\n\t\t\t\t\t\t\t<img loading=\"lazy\" decoding=\"async\" width=\"200\" height=\"200\" src=\"https:\/\/cap-intelligence-emotionnelle.com\/wp-content\/uploads\/2025\/04\/Bouton-Cohesion.png\" class=\"attachment-large size-large wp-image-1008\" alt=\"\" srcset=\"https:\/\/cap-intelligence-emotionnelle.com\/wp-content\/uploads\/2025\/04\/Bouton-Cohesion.png 200w, https:\/\/cap-intelligence-emotionnelle.com\/wp-content\/uploads\/2025\/04\/Bouton-Cohesion-150x150.png 150w\" sizes=\"(max-width: 200px) 100vw, 200px\" \/>\t\t\t\t\t\t\t\t<\/a>\n\t\t\t\t\t\t\t\t\t\t\t\t\t<\/div>\n\t\t\t\t<\/div>\n\t\t\t\t\t<\/div>\n\t\t<\/div>\n\t\t\t\t<div class=\"elementor-column elementor-col-33 elementor-inner-column elementor-element elementor-element-d61ee62\" data-id=\"d61ee62\" data-element_type=\"column\">\n\t\t\t<div class=\"elementor-widget-wrap elementor-element-populated\">\n\t\t\t\t\t\t<div class=\"elementor-element elementor-element-54002af elementor-widget elementor-widget-image\" data-id=\"54002af\" data-element_type=\"widget\" data-widget_type=\"image.default\">\n\t\t\t\t<div class=\"elementor-widget-container\">\n\t\t\t\t\t\t\t\t\t\t\t\t\t\t<a href=\"http:\/\/cap-intelligence-emotionnelle.com\/wp-content\/uploads\/2025\/04\/Offre-formations-cap-Intelligence-Emotionnelle-Bien-etre-du-manager.pdf\" target=\"_blank\">\n\t\t\t\t\t\t\t<img loading=\"lazy\" decoding=\"async\" width=\"200\" height=\"200\" src=\"https:\/\/cap-intelligence-emotionnelle.com\/wp-content\/uploads\/2025\/04\/Bouton-Bien-etre-manager.png\" class=\"attachment-large size-large wp-image-1013\" alt=\"\" srcset=\"https:\/\/cap-intelligence-emotionnelle.com\/wp-content\/uploads\/2025\/04\/Bouton-Bien-etre-manager.png 200w, https:\/\/cap-intelligence-emotionnelle.com\/wp-content\/uploads\/2025\/04\/Bouton-Bien-etre-manager-150x150.png 150w\" sizes=\"(max-width: 200px) 100vw, 200px\" \/>\t\t\t\t\t\t\t\t<\/a>\n\t\t\t\t\t\t\t\t\t\t\t\t\t<\/div>\n\t\t\t\t<\/div>\n\t\t\t\t\t<\/div>\n\t\t<\/div>\n\t\t\t\t<div class=\"elementor-column elementor-col-33 elementor-inner-column elementor-element elementor-element-f16e6ee\" data-id=\"f16e6ee\" data-element_type=\"column\">\n\t\t\t<div class=\"elementor-widget-wrap elementor-element-populated\">\n\t\t\t\t\t\t<div class=\"elementor-element elementor-element-46d5a9c elementor-widget elementor-widget-image\" data-id=\"46d5a9c\" data-element_type=\"widget\" data-widget_type=\"image.default\">\n\t\t\t\t<div class=\"elementor-widget-container\">\n\t\t\t\t\t\t\t\t\t\t\t\t\t\t<a href=\"http:\/\/cap-intelligence-emotionnelle.com\/wp-content\/uploads\/2025\/04\/Offre-formations-cap-Intelligence-Emotionnelle-Des-reunions-comme-on-les-aime.pdf\" target=\"_blank\">\n\t\t\t\t\t\t\t<img loading=\"lazy\" decoding=\"async\" width=\"200\" height=\"200\" src=\"https:\/\/cap-intelligence-emotionnelle.com\/wp-content\/uploads\/2025\/04\/Bouton-Reunion.png\" class=\"attachment-large size-large wp-image-1018\" alt=\"\" srcset=\"https:\/\/cap-intelligence-emotionnelle.com\/wp-content\/uploads\/2025\/04\/Bouton-Reunion.png 200w, https:\/\/cap-intelligence-emotionnelle.com\/wp-content\/uploads\/2025\/04\/Bouton-Reunion-150x150.png 150w\" sizes=\"(max-width: 200px) 100vw, 200px\" \/>\t\t\t\t\t\t\t\t<\/a>\n\t\t\t\t\t\t\t\t\t\t\t\t\t<\/div>\n\t\t\t\t<\/div>\n\t\t\t\t\t<\/div>\n\t\t<\/div>\n\t\t\t\t\t<\/div>\n\t\t<\/section>\n\t\t\t\t\t<\/div>\n\t\t<\/div>\n\t\t\t\t\t<\/div>\n\t\t<\/section>\n\t\t\t\t<section class=\"elementor-section elementor-top-section elementor-element elementor-element-15ca95f elementor-section-boxed elementor-section-height-default elementor-section-height-default wpr-particle-no wpr-jarallax-no wpr-parallax-no wpr-sticky-section-no\" data-id=\"15ca95f\" data-element_type=\"section\">\n\t\t\t\t\t\t<div class=\"elementor-container elementor-column-gap-default\">\n\t\t\t\t\t<div class=\"elementor-column elementor-col-100 elementor-top-column elementor-element elementor-element-b4e410b\" data-id=\"b4e410b\" data-element_type=\"column\">\n\t\t\t<div class=\"elementor-widget-wrap elementor-element-populated\">\n\t\t\t\t\t\t<div class=\"elementor-element elementor-element-9d024b4 elementor-widget elementor-widget-image\" data-id=\"9d024b4\" data-element_type=\"widget\" data-widget_type=\"image.default\">\n\t\t\t\t<div class=\"elementor-widget-container\">\n\t\t\t\t\t\t\t\t\t\t\t\t\t<img decoding=\"async\" src=\"http:\/\/cap-intelligence-emotionnelle.com\/wp-content\/uploads\/2024\/09\/Offre-formations-cap-Intelligence-Emotionnelle-PSSM-1.pdf\" title=\"\" alt=\"\" loading=\"lazy\" \/>\t\t\t\t\t\t\t\t\t\t\t\t\t<\/div>\n\t\t\t\t<\/div>\n\t\t\t\t<section class=\"elementor-section elementor-inner-section elementor-element elementor-element-94de515 elementor-section-boxed elementor-section-height-default elementor-section-height-default wpr-particle-no wpr-jarallax-no wpr-parallax-no wpr-sticky-section-no\" data-id=\"94de515\" data-element_type=\"section\">\n\t\t\t\t\t\t<div class=\"elementor-container elementor-column-gap-no\">\n\t\t\t\t\t<div class=\"elementor-column elementor-col-33 elementor-inner-column elementor-element elementor-element-cb4c794\" data-id=\"cb4c794\" data-element_type=\"column\">\n\t\t\t<div class=\"elementor-widget-wrap elementor-element-populated\">\n\t\t\t\t\t\t<div class=\"elementor-element elementor-element-76e7785 elementor-widget elementor-widget-image\" data-id=\"76e7785\" data-element_type=\"widget\" data-widget_type=\"image.default\">\n\t\t\t\t<div class=\"elementor-widget-container\">\n\t\t\t\t\t\t\t\t\t\t\t\t\t\t<a href=\"http:\/\/cap-intelligence-emotionnelle.com\/wp-content\/uploads\/2025\/04\/Offre-formations-cap-Intelligence-Emotionnelle-co-developpement.pdf\" target=\"_blank\">\n\t\t\t\t\t\t\t<img loading=\"lazy\" decoding=\"async\" width=\"200\" height=\"200\" src=\"https:\/\/cap-intelligence-emotionnelle.com\/wp-content\/uploads\/2025\/04\/Bouton-Gestion-codev.png\" class=\"attachment-large size-large wp-image-1027\" alt=\"\" srcset=\"https:\/\/cap-intelligence-emotionnelle.com\/wp-content\/uploads\/2025\/04\/Bouton-Gestion-codev.png 200w, https:\/\/cap-intelligence-emotionnelle.com\/wp-content\/uploads\/2025\/04\/Bouton-Gestion-codev-150x150.png 150w\" sizes=\"(max-width: 200px) 100vw, 200px\" \/>\t\t\t\t\t\t\t\t<\/a>\n\t\t\t\t\t\t\t\t\t\t\t\t\t<\/div>\n\t\t\t\t<\/div>\n\t\t\t\t\t<\/div>\n\t\t<\/div>\n\t\t\t\t<div class=\"elementor-column elementor-col-33 elementor-inner-column elementor-element elementor-element-58b08bc\" data-id=\"58b08bc\" data-element_type=\"column\">\n\t\t\t<div class=\"elementor-widget-wrap elementor-element-populated\">\n\t\t\t\t\t\t<div class=\"elementor-element elementor-element-b266f73 elementor-widget elementor-widget-image\" data-id=\"b266f73\" data-element_type=\"widget\" data-widget_type=\"image.default\">\n\t\t\t\t<div class=\"elementor-widget-container\">\n\t\t\t\t\t\t\t\t\t\t\t\t\t\t<a href=\"http:\/\/cap-intelligence-emotionnelle.com\/wp-content\/uploads\/2025\/04\/Offre-formations-cap-Intelligence-Emotionnelle-Gestion-de-Projet-niv-1.pdf\" target=\"_blank\">\n\t\t\t\t\t\t\t<img loading=\"lazy\" decoding=\"async\" width=\"200\" height=\"200\" src=\"https:\/\/cap-intelligence-emotionnelle.com\/wp-content\/uploads\/2025\/04\/Bouton-Gestion-projet-n1.png\" class=\"attachment-large size-large wp-image-1032\" alt=\"\" srcset=\"https:\/\/cap-intelligence-emotionnelle.com\/wp-content\/uploads\/2025\/04\/Bouton-Gestion-projet-n1.png 200w, https:\/\/cap-intelligence-emotionnelle.com\/wp-content\/uploads\/2025\/04\/Bouton-Gestion-projet-n1-150x150.png 150w\" sizes=\"(max-width: 200px) 100vw, 200px\" \/>\t\t\t\t\t\t\t\t<\/a>\n\t\t\t\t\t\t\t\t\t\t\t\t\t<\/div>\n\t\t\t\t<\/div>\n\t\t\t\t\t<\/div>\n\t\t<\/div>\n\t\t\t\t<div class=\"elementor-column elementor-col-33 elementor-inner-column elementor-element elementor-element-3cc6fda\" data-id=\"3cc6fda\" data-element_type=\"column\">\n\t\t\t<div class=\"elementor-widget-wrap elementor-element-populated\">\n\t\t\t\t\t\t<div class=\"elementor-element elementor-element-191e872 elementor-widget elementor-widget-image\" data-id=\"191e872\" data-element_type=\"widget\" data-widget_type=\"image.default\">\n\t\t\t\t<div class=\"elementor-widget-container\">\n\t\t\t\t\t\t\t\t\t\t\t\t\t\t<a href=\"http:\/\/cap-intelligence-emotionnelle.com\/wp-content\/uploads\/2025\/04\/Offre-formations-cap-Intelligence-Emotionnelle-Gestion-de-Projet-niv-2.pdf\" target=\"_blank\">\n\t\t\t\t\t\t\t<img loading=\"lazy\" decoding=\"async\" width=\"200\" height=\"200\" src=\"https:\/\/cap-intelligence-emotionnelle.com\/wp-content\/uploads\/2025\/04\/Bouton-Gestion-projet-n2.png\" class=\"attachment-large size-large wp-image-1037\" alt=\"\" srcset=\"https:\/\/cap-intelligence-emotionnelle.com\/wp-content\/uploads\/2025\/04\/Bouton-Gestion-projet-n2.png 200w, https:\/\/cap-intelligence-emotionnelle.com\/wp-content\/uploads\/2025\/04\/Bouton-Gestion-projet-n2-150x150.png 150w\" sizes=\"(max-width: 200px) 100vw, 200px\" \/>\t\t\t\t\t\t\t\t<\/a>\n\t\t\t\t\t\t\t\t\t\t\t\t\t<\/div>\n\t\t\t\t<\/div>\n\t\t\t\t\t<\/div>\n\t\t<\/div>\n\t\t\t\t\t<\/div>\n\t\t<\/section>\n\t\t\t\t\t<\/div>\n\t\t<\/div>\n\t\t\t\t\t<\/div>\n\t\t<\/section>\n\t\t\t\t<\/div>\n\t\t","protected":false},"excerpt":{"rendered":"<p>Toutes les formations sont personnalisables. Les tarifs sont donc donn\u00e9s sur devis apr\u00e8s un premier rendez-vous d&#8217;analyse du besoin. Vous trouverez ici une id\u00e9e de ce qui a d\u00e9j\u00e0 \u00e9t\u00e9 fait pour d&#8217;autres clients. Cliquez sur chaque image pour avoir les d\u00e9tails.<\/p>\n","protected":false},"author":1,"featured_media":0,"parent":6,"menu_order":0,"comment_status":"closed","ping_status":"closed","template":"","meta":{"footnotes":""},"class_list":["post-751","page","type-page","status-publish","hentry"],"_links":{"self":[{"href":"https:\/\/cap-intelligence-emotionnelle.com\/index.php\/wp-json\/wp\/v2\/pages\/751","targetHints":{"allow":["GET"]}}],"collection":[{"href":"https:\/\/cap-intelligence-emotionnelle.com\/index.php\/wp-json\/wp\/v2\/pages"}],"about":[{"href":"https:\/\/cap-intelligence-emotionnelle.com\/index.php\/wp-json\/wp\/v2\/types\/page"}],"author":[{"embeddable":true,"href":"https:\/\/cap-intelligence-emotionnelle.com\/index.php\/wp-json\/wp\/v2\/users\/1"}],"replies":[{"embeddable":true,"href":"https:\/\/cap-intelligence-emotionnelle.com\/index.php\/wp-json\/wp\/v2\/comments?post=751"}],"version-history":[{"count":166,"href":"https:\/\/cap-intelligence-emotionnelle.com\/index.php\/wp-json\/wp\/v2\/pages\/751\/revisions"}],"predecessor-version":[{"id":1041,"href":"https:\/\/cap-intelligence-emotionnelle.com\/index.php\/wp-json\/wp\/v2\/pages\/751\/revisions\/1041"}],"up":[{"embeddable":true,"href":"https:\/\/cap-intelligence-emotionnelle.com\/index.php\/wp-json\/wp\/v2\/pages\/6"}],"wp:attachment":[{"href":"https:\/\/cap-intelligence-emotionnelle.com\/index.php\/wp-json\/wp\/v2\/media?parent=751"}],"curies":[{"name":"wp","href":"https:\/\/api.w.org\/{rel}","templated":true}]}}